{"id":16,"date":"2024-02-14T04:49:34","date_gmt":"2024-02-14T04:49:34","guid":{"rendered":"https:\/\/artificielle.art\/versand__lieferung\/"},"modified":"2024-05-22T12:55:14","modified_gmt":"2024-05-22T12:55:14","slug":"versand__lieferung","status":"publish","type":"page","link":"https:\/\/artificielle.art\/en\/versand__lieferung\/","title":{"rendered":"Shipping"},"content":{"rendered":"<h2><strong>Preise, Versandkosten und Lieferinformationen<\/strong><\/h2>\n<p>Die auf den Produktseiten genannten Preise enthalten die gesetzliche Mehrwertsteuer und sonstige Preisbestandteile.<\/p>\n<p>Zus\u00e4tzlich zu den angegebenen Preisen berechnen wir f\u00fcr die Lieferung Versandkosten gem\u00e4\u00df der von Ihnen angegegbenen Lieferadresse und der von Ihnen ausgew\u00e4hlten Versandart. Die Versandkosten werden Ihnen im Warenkorbsystem und auf der Bestellseite nochmals deutlich mitgeteilt.<\/p>\n<p>F\u00fcr digitale Inhalte (E-Books, Software, etc.) fallen keine Versandkosten an.<\/p>\n<h3>Lieferzeiten<\/h3>\n<p>Wann erhalte ich meine Bestellung?<br \/>\nEs ist schwierig, die Versandzeiten vorherzusagen. In der Regel dauert es 3 &#8211; 7 Tage, eine Bestellung abzuwickeln, danach wird sie versandt. Die<br \/>\nLieferzeit h\u00e4ngt vom Lieferort ab und ist sch\u00e4tzungsweise wie folgt:<\/p>\n<p>\u25cf Deutschland und \u00d6sterreich: 6 &#8211; 8 Werktage<br \/>\n\u25cf Europ\u00e4ische Union: 6 &#8211; 8 Werktage<br \/>\n\u25cf International: 10 &#8211; 20 Werktage<\/p>\n<h3>Widerrufsrecht und R\u00fcckgabebedingungen<\/h3>\n<p>Hinweis f\u00fcr EU-Verbraucher: Gem\u00e4\u00df Artikel 16 (c) und (e) der Richtlinie 2011\/83\/EU des Europ\u00e4ischen Parlaments und des Rates vom 25. Oktober 2011 \u00fcber die Rechte der Verbraucher darf das Widerrufsrecht nicht vorgesehen werden f\u00fcr:<\/p>\n<p>1. die Lieferung von Waren, die nach den Spezifikationen des Verbrauchers angefertigt wurden oder eindeutig auf ihn zugeschnitten sind;<br \/>\n2. versiegelte Waren, die nach der Lieferung entsiegelt wurden und daher aus Gr\u00fcnden des Gesundheitsschutzes oder der Hygiene nicht f\u00fcr eine R\u00fccksendung geeignet sind,<\/p>\n<p>Die Galerie artificielle.art und Ihre OnDemand-Provider beh\u00e4lt sich daher das Recht vor, R\u00fccksendungen nach eigenem Ermessen abzulehnen.<\/p>\n<p>Alle Reklamationen f\u00fcr falsch gelieferte, besch\u00e4digte bzw. defekte Artikel m\u00fcssen innerhalb von 30 Tagen nach Erhalt des Produkts eingereicht werden. F\u00fcr Pakete, die auf dem Transportweg verloren gegangen sind, m\u00fcssen alle Anspr\u00fcche sp\u00e4testens 30 Tage nach dem voraussichtlichen Lieferdatum eingereicht werden. Reklamationen, die als Fehler unsererseits angesehen werden, werden auf unsere Kosten abgedeckt.<\/p>\n<p>Wenn Sie ein Problem mit den gelieferten Artikeln oder einem anderen Teil der Bestellung feststellen, reichen Sie bitte einen Problembericht an den Kundendienst ein.<\/p>\n<p>Sofern nicht anders mit dem Kundendienst vorab vereinbart, k\u00f6nnen Retouren nur an die im Lieferschein angegebene R\u00fccksendeanschrift zur\u00fcckgesendet werden.<\/p>","protected":false},"excerpt":{"rendered":"<p>Preise, Versandkosten und Lieferinformationen Die auf den Produktseiten genannten Preise enthalten die gesetzliche Mehrwertsteuer und sonstige Preisbestandteile. Zus\u00e4tzlich zu den angegebenen Preisen berechnen wir f\u00fcr die Lieferung Versandkosten gem\u00e4\u00df der von Ihnen angegegbenen Lieferadresse und der von Ihnen ausgew\u00e4hlten Versandart. Die Versandkosten werden Ihnen im Warenkorbsystem und auf der Bestellseite nochmals deutlich mitgeteilt. F\u00fcr digitale&hellip;&nbsp;<a href=\"https:\/\/artificielle.art\/en\/versand__lieferung\/\" rel=\"bookmark\">Read More &raquo;<span class=\"screen-reader-text\">Shipping<\/span><\/a><\/p>","protected":false},"author":1,"featured_media":0,"parent":0,"menu_order":0,"comment_status":"closed","ping_status":"closed","template":"","meta":{"neve_meta_sidebar":"","neve_meta_container":"","neve_meta_enable_content_width":"","neve_meta_content_width":0,"neve_meta_title_alignment":"","neve_meta_author_avatar":"","neve_post_elements_order":"","neve_meta_disable_header":"","neve_meta_disable_footer":"","neve_meta_disable_title":"","_themeisle_gutenberg_block_has_review":false,"footnotes":""},"class_list":["post-16","page","type-page","status-publish","hentry"],"_links":{"self":[{"href":"https:\/\/artificielle.art\/en\/wp-json\/wp\/v2\/pages\/16","targetHints":{"allow":["GET"]}}],"collection":[{"href":"https:\/\/artificielle.art\/en\/wp-json\/wp\/v2\/pages"}],"about":[{"href":"https:\/\/artificielle.art\/en\/wp-json\/wp\/v2\/types\/page"}],"author":[{"embeddable":true,"href":"https:\/\/artificielle.art\/en\/wp-json\/wp\/v2\/users\/1"}],"replies":[{"embeddable":true,"href":"https:\/\/artificielle.art\/en\/wp-json\/wp\/v2\/comments?post=16"}],"version-history":[{"count":5,"href":"https:\/\/artificielle.art\/en\/wp-json\/wp\/v2\/pages\/16\/revisions"}],"predecessor-version":[{"id":446,"href":"https:\/\/artificielle.art\/en\/wp-json\/wp\/v2\/pages\/16\/revisions\/446"}],"wp:attachment":[{"href":"https:\/\/artificielle.art\/en\/wp-json\/wp\/v2\/media?parent=16"}],"curies":[{"name":"wp","href":"https:\/\/api.w.org\/{rel}","templated":true}]}}