{"id":281,"date":"2020-09-10T11:28:04","date_gmt":"2020-09-10T11:28:04","guid":{"rendered":"https:\/\/demosites.io\/shop-gb\/?page_id=281"},"modified":"2024-04-08T16:39:06","modified_gmt":"2024-04-08T16:39:06","slug":"52e3e-about","status":"publish","type":"page","link":"https:\/\/artificielle.art\/en\/52e3e-about\/","title":{"rendered":"GALERIE"},"content":{"rendered":"<div id=\"wp-block-themeisle-blocks-advanced-columns-376eb3a4\" class=\"wp-block-themeisle-blocks-advanced-columns alignfull has-1-columns has-desktop-equal-layout has-tablet-equal-layout has-mobile-equal-layout has-vertical-unset\"><div class=\"wp-block-themeisle-blocks-advanced-columns-overlay\"><\/div><div class=\"innerblocks-wrap\">\n<div id=\"wp-block-themeisle-blocks-advanced-column-2e01688c\" class=\"wp-block-themeisle-blocks-advanced-column\">\n<h1 class=\"wp-block-heading has-text-align-center has-nv-text-dark-bg-color has-text-color\">\u00dcBER UNSERE Shopping-GALERIE<\/h1>\n\n\n\n<p class=\"has-text-align-center has-nv-text-dark-bg-color has-text-color\"><em>Wir sind Shop. Wir sind eine mutige und zukunftsorientierte Online-Galerie, die sich vom wahren Leben inspirieren l\u00e4sst. Wir entwerfen und kreieren Objekte, die von Ihnen, unseren Kundinnen und Kunden, unseren Freundinnen und Freunden und globalen Einfl\u00fcssen gepr\u00e4gt sind: Vernissagen, Ausstellungen, Galerien, K\u00fcnstlerinnen und K\u00fcnstler, Prominente, Social Media, Blogger und Streetstyle. So schaffen wir einen Stil, der alles umfasst und zelebriert, was es bedeutet, in einer digitalisierten Welt zu Hause zu sein.<\/em><\/p>\n<\/div>\n<\/div><\/div>\n\n\n\n<div id=\"wp-block-themeisle-blocks-advanced-columns-382fd8da\" class=\"wp-block-themeisle-blocks-advanced-columns alignfull has-1-columns has-desktop-equal-layout has-tablet-equal-layout has-mobile-equal-layout has-vertical-unset\"><div class=\"wp-block-themeisle-blocks-advanced-columns-overlay\"><\/div><div class=\"innerblocks-wrap\">\n<div id=\"wp-block-themeisle-blocks-advanced-column-31e290bb\" class=\"wp-block-themeisle-blocks-advanced-column\">\n<h2 class=\"wp-block-heading\"><strong>Einzigartige Print-Designs<\/strong> <strong>Entdecke<\/strong>N<\/h2>\n\n\n\n<p>Herzlich willkommen in unserem Online-Shop f\u00fcr Smartphone-H\u00fcllen, wo Sie eine breite Auswahl an H\u00fcllen mit einzigartigen Prints entdecken k\u00f6nnen! Unser Sortiment umfasst eine Vielzahl von Designs, von floralen Mustern \u00fcber abstrakte Kunstwerke bis hin zu lustigen und verspielten Motiven. Bei uns finden Sie garantiert die perfekte H\u00fclle, die Ihr Smartphone nicht nur sch\u00fctzt, sondern auch zum Blickfang macht.<\/p>\n\n\n\n<h2 class=\"wp-block-heading\"><strong>Warum bei uns kaufen?<\/strong><\/h2>\n\n\n\n<p>Wir legen gro\u00dfen Wert auf Qualit\u00e4t und Individualit\u00e4t. Unsere Smartphone-H\u00fcllen werden aus hochwertigen Materialien gefertigt und sind mit langlebigen Drucken versehen, die auch nach h\u00e4ufigem Gebrauch nicht verblassen. Mit unserem benutzerfreundlichen Online-Shop k\u00f6nnen Sie bequem von zu Hause aus st\u00f6bern und Ihre Lieblingsh\u00fclle ganz einfach bestellen. Zudem bieten wir schnellen Versand und einen zuverl\u00e4ssigen Kundenservice, um sicherzustellen, dass Ihr Einkaufserlebnis so angenehm wie m\u00f6glich verl\u00e4uft.<\/p>\n\n\n\n<h2 class=\"wp-block-heading\"><strong>F\u00dcR DEN pers\u00f6nlicheN Stil<\/strong><\/h2>\n\n\n\n<p>Egal, ob Sie einen minimalistischen Look bevorzugen oder nach auff\u00e4lligen und bunten Designs suchen &#8211; bei uns werden Sie f\u00fcndig! Unsere Kollektion umfasst eine Vielzahl von Stilen und Motiven, die jeden Geschmack und jede Pers\u00f6nlichkeit widerspiegeln. Zeigen Sie Ihre Individualit\u00e4t und verleihen Sie Ihrem Smartphone einen einzigartigen Touch mit einer unserer trendigen H\u00fcllen.<\/p>\n\n\n\n<h2 class=\"wp-block-heading\"><strong>Jetzt shoppen<\/strong><\/h2>\n\n\n\n<p>Bereit, Ihrem Smartphone einen neuen Look zu verpassen? Entdecken Sie unsere Kollektion und finden Sie noch heute die perfekte H\u00fclle f\u00fcr Ihr Ger\u00e4t! Mit unseren einzigartigen Print-Designs wird Ihr Smartphone garantiert zum Hingucker, egal wo Sie sind. Starten Sie jetzt Ihr Shopping-Erlebnis und lassen Sie sich von unseren exklusiven Angeboten inspirieren.<\/p>\n\n\n\n<div id=\"wp-block-themeisle-blocks-button-group-5f3d731c\" class=\"wp-block-themeisle-blocks-button-group wp-block-buttons align-center-desktop\">\n<div id=\"wp-block-themeisle-blocks-button-6ef6c471\" class=\"wp-block-themeisle-blocks-button wp-block-button\"><a href=\"https:\/\/artificielle.art\/en\/product-category\/design-objekte\/handyhuellen\/\" target=\"_self\" rel=\"noopener noreferrer\" class=\"wp-block-button__link\"><span>Jetzt Einkaufen<\/span><\/a><\/div>\n<\/div>\n\n\n\n<p><\/p>\n\n\n\n<p><\/p>\n\n\n\n<p><\/p>\n\n\n\n<p><\/p>\n\n\n\n<h2 id=\"wp-block-themeisle-blocks-advanced-heading-3138538c\" class=\"wp-block-themeisle-blocks-advanced-heading wp-block-themeisle-blocks-advanced-heading-3138538c\">DAS TEAM IN UNSERER ONLINE-GALERIE<\/h2>\n\n\n\n<p class=\"has-text-align-center\"><em><em>Eine gute Gelegenheit, die Menschen in unserem Team vorzustellen.<\/em><\/em><\/p>\n\n\n\n<div id=\"wp-block-themeisle-blocks-advanced-columns-4d200665\" class=\"wp-block-themeisle-blocks-advanced-columns has-4-columns has-desktop-equal-layout has-tablet-equal-layout has-mobile-collapsedRows-layout has-vertical-unset\"><div class=\"wp-block-themeisle-blocks-advanced-columns-overlay\"><\/div><div class=\"innerblocks-wrap\">\n<div id=\"wp-block-themeisle-blocks-advanced-column-b9682302\" class=\"wp-block-themeisle-blocks-advanced-column\"><div class=\"wp-block-image\">\n<figure class=\"aligncenter size-large is-resized\"><img loading=\"lazy\" decoding=\"async\" width=\"263\" height=\"357\" src=\"https:\/\/artificielle.art\/wp-content\/uploads\/2019\/07\/daniel-monteiro-u8yJtV_9M9U-unsplash.jpg\" alt=\"\" class=\"wp-image-257\" style=\"width:192px;height:auto\" srcset=\"https:\/\/artificielle.art\/wp-content\/uploads\/2019\/07\/daniel-monteiro-u8yJtV_9M9U-unsplash.jpg 263w, https:\/\/artificielle.art\/wp-content\/uploads\/2019\/07\/daniel-monteiro-u8yJtV_9M9U-unsplash-221x300.jpg 221w\" sizes=\"auto, (max-width: 263px) 100vw, 263px\" \/><\/figure>\n<\/div>\n\n\n<div style=\"height:16px\" aria-hidden=\"true\" class=\"wp-block-spacer\"><\/div>\n\n\n\n<p id=\"wp-block-themeisle-blocks-advanced-heading-7562dd89\" class=\"wp-block-themeisle-blocks-advanced-heading wp-block-themeisle-blocks-advanced-heading-7562dd89\">ESMERALDA<\/p>\n\n\n\n<p class=\"has-text-align-center\" style=\"font-size:11px\">SALES<\/p>\n<\/div>\n\n\n\n<div id=\"wp-block-themeisle-blocks-advanced-column-e5052fd9\" class=\"wp-block-themeisle-blocks-advanced-column\"><div class=\"wp-block-image\">\n<figure class=\"aligncenter size-large is-resized\"><img loading=\"lazy\" decoding=\"async\" width=\"263\" height=\"357\" src=\"https:\/\/artificielle.art\/wp-content\/uploads\/2019\/07\/alex-perez-VLPLo-GtrIE-unsplash.jpg\" alt=\"\" class=\"wp-image-256\" style=\"aspect-ratio:0.7380281690140845;width:191px;height:auto\" srcset=\"https:\/\/artificielle.art\/wp-content\/uploads\/2019\/07\/alex-perez-VLPLo-GtrIE-unsplash.jpg 263w, https:\/\/artificielle.art\/wp-content\/uploads\/2019\/07\/alex-perez-VLPLo-GtrIE-unsplash-221x300.jpg 221w\" sizes=\"auto, (max-width: 263px) 100vw, 263px\" \/><\/figure>\n<\/div>\n\n\n<div style=\"height:16px\" aria-hidden=\"true\" class=\"wp-block-spacer\"><\/div>\n\n\n\n<p id=\"wp-block-themeisle-blocks-advanced-heading-57f0abc0\" class=\"wp-block-themeisle-blocks-advanced-heading wp-block-themeisle-blocks-advanced-heading-57f0abc0\">MARIA<\/p>\n\n\n\n<p class=\"has-text-align-center\" style=\"font-size:11px\">ACCOUNTING<\/p>\n<\/div>\n\n\n\n<div id=\"wp-block-themeisle-blocks-advanced-column-8560a0a1\" class=\"wp-block-themeisle-blocks-advanced-column\"><div class=\"wp-block-image\">\n<figure class=\"aligncenter size-large is-resized\"><img loading=\"lazy\" decoding=\"async\" width=\"263\" height=\"357\" src=\"https:\/\/artificielle.art\/wp-content\/uploads\/2019\/07\/aldair-vargas-3JPxEsnwNrM-unsplash.jpg\" alt=\"\" class=\"wp-image-254\" style=\"width:188px;height:auto\" srcset=\"https:\/\/artificielle.art\/wp-content\/uploads\/2019\/07\/aldair-vargas-3JPxEsnwNrM-unsplash.jpg 263w, https:\/\/artificielle.art\/wp-content\/uploads\/2019\/07\/aldair-vargas-3JPxEsnwNrM-unsplash-221x300.jpg 221w\" sizes=\"auto, (max-width: 263px) 100vw, 263px\" \/><\/figure>\n<\/div>\n\n\n<div style=\"height:16px\" aria-hidden=\"true\" class=\"wp-block-spacer\"><\/div>\n\n\n\n<p id=\"wp-block-themeisle-blocks-advanced-heading-e3fe1a05\" class=\"wp-block-themeisle-blocks-advanced-heading wp-block-themeisle-blocks-advanced-heading-e3fe1a05\">ANNA<\/p>\n\n\n\n<p class=\"has-text-align-center\" style=\"font-size:11px\">CURATOR<\/p>\n<\/div>\n\n\n\n<div id=\"wp-block-themeisle-blocks-advanced-column-9f5bec5e\" class=\"wp-block-themeisle-blocks-advanced-column\">\n<figure class=\"wp-block-image size-full is-resized\"><img loading=\"lazy\" decoding=\"async\" width=\"1024\" height=\"1024\" src=\"https:\/\/artificielle.art\/wp-content\/uploads\/2024\/02\/Portrait-1.jpg\" alt=\"\" class=\"wp-image-435\" style=\"width:255px;height:auto\" srcset=\"https:\/\/artificielle.art\/wp-content\/uploads\/2024\/02\/Portrait-1.jpg 1024w, https:\/\/artificielle.art\/wp-content\/uploads\/2024\/02\/Portrait-1-300x300.jpg 300w, https:\/\/artificielle.art\/wp-content\/uploads\/2024\/02\/Portrait-1-150x150.jpg 150w, https:\/\/artificielle.art\/wp-content\/uploads\/2024\/02\/Portrait-1-768x768.jpg 768w, https:\/\/artificielle.art\/wp-content\/uploads\/2024\/02\/Portrait-1-600x600.jpg 600w, https:\/\/artificielle.art\/wp-content\/uploads\/2024\/02\/Portrait-1-100x100.jpg 100w\" sizes=\"auto, (max-width: 1024px) 100vw, 1024px\" \/><\/figure>\n\n\n\n<div style=\"height:16px\" aria-hidden=\"true\" class=\"wp-block-spacer\"><\/div>\n\n\n\n<p id=\"wp-block-themeisle-blocks-advanced-heading-5b26974b\" class=\"wp-block-themeisle-blocks-advanced-heading wp-block-themeisle-blocks-advanced-heading-5b26974b\">MATTHIAS<\/p>\n\n\n\n<p class=\"has-text-align-center\" style=\"font-size:11px\">ONLINE MARKETING<\/p>\n<\/div>\n<\/div><\/div>\n<\/div>\n<\/div><\/div>\n\n\n\n<p><\/p>\n\n\n\n<div id=\"wp-block-themeisle-blocks-advanced-columns-06464815\" class=\"wp-block-themeisle-blocks-advanced-columns alignfull has-1-columns has-desktop-equal-layout has-tablet-equal-layout has-mobile-equal-layout has-vertical-unset\"><div class=\"wp-block-themeisle-blocks-advanced-columns-overlay\"><\/div><div class=\"innerblocks-wrap\">\n<div id=\"wp-block-themeisle-blocks-advanced-column-ca8222f5\" class=\"wp-block-themeisle-blocks-advanced-column\">\n<h2 class=\"wp-block-heading has-text-align-center has-white-color has-text-color\" style=\"font-size:30px\">PR\u00c4SENTATION<\/h2>\n\n\n\n<p id=\"wp-block-themeisle-blocks-advanced-heading-1bb3e660\" class=\"wp-block-themeisle-blocks-advanced-heading wp-block-themeisle-blocks-advanced-heading-1bb3e660\">VIDEO \u00dcBER UNSERE GALERIE BETRACHTEN <\/p>\n\n\n\n<p id=\"wp-block-themeisle-blocks-advanced-heading-dd40cc48\" class=\"wp-block-themeisle-blocks-advanced-heading wp-block-themeisle-blocks-advanced-heading-dd40cc48\">(demn\u00e4chst hier online)<\/p>\n<\/div>\n<\/div><\/div>\n\n\n\n<div id=\"wp-block-themeisle-blocks-advanced-columns-a7450347\" class=\"wp-block-themeisle-blocks-advanced-columns alignfull has-1-columns has-desktop-equal-layout has-tablet-equal-layout has-mobile-equal-layout has-vertical-unset\"><div class=\"wp-block-themeisle-blocks-advanced-columns-overlay\"><\/div><div class=\"innerblocks-wrap\">\n<div id=\"wp-block-themeisle-blocks-advanced-column-1e403eb7\" class=\"wp-block-themeisle-blocks-advanced-column\">\n<h2 id=\"wp-block-themeisle-blocks-advanced-heading-3cb7d7aa\" class=\"wp-block-themeisle-blocks-advanced-heading wp-block-themeisle-blocks-advanced-heading-3cb7d7aa\">UNSERE VISION<\/h2>\n\n\n\n<p class=\"has-text-align-center\"><em>Was uns von anderen unterscheidet<\/em><\/p>\n\n\n\n<div id=\"wp-block-themeisle-blocks-advanced-columns-3a2ac9c4\" class=\"wp-block-themeisle-blocks-advanced-columns has-4-columns has-desktop-equal-layout has-tablet-equal-layout has-mobile-collapsedRows-layout has-vertical-unset\"><div class=\"wp-block-themeisle-blocks-advanced-columns-overlay\"><\/div><div class=\"innerblocks-wrap\">\n<div id=\"wp-block-themeisle-blocks-advanced-column-0b8cf53c\" class=\"wp-block-themeisle-blocks-advanced-column\">\n<div class=\"wp-block-themeisle-blocks-service\">\n<div id=\"wp-block-themeisle-blocks-font-awesome-icons-842bee7c\" class=\"wp-block-themeisle-blocks-font-awesome-icons\"><span class=\"wp-block-themeisle-blocks-font-awesome-icons-container\"><i class=\"far fa-lightbulb\"><\/i><\/span><\/div>\n\n\n\n<h3 class=\"wp-block-heading has-text-align-center\">IDEEN UND KONZEPTE\u200b<\/h3>\n\n\n\n<p class=\"has-text-align-center\">Neuartige Ideen und Konzepte aus der internationalen Kunstszene direkt in unserer Online-Galerie.\u200b<\/p>\n<\/div>\n<\/div>\n\n\n\n<div id=\"wp-block-themeisle-blocks-advanced-column-1fcba794\" class=\"wp-block-themeisle-blocks-advanced-column\">\n<div class=\"wp-block-themeisle-blocks-service\">\n<div id=\"wp-block-themeisle-blocks-font-awesome-icons-132b83ba\" class=\"wp-block-themeisle-blocks-font-awesome-icons\"><span class=\"wp-block-themeisle-blocks-font-awesome-icons-container\"><i class=\"fas fa-wrench\"><\/i><\/span><\/div>\n\n\n\n<h3 class=\"wp-block-heading has-text-align-center\">DESIGN &amp; INTERFACE\u200b <\/h3>\n\n\n\n<p class=\"has-text-align-center\">Aktuelle IT-L\u00f6sungen f\u00fcr die sichere Bestellfunktion im Online-Shop.<\/p>\n<\/div>\n<\/div>\n\n\n\n<div id=\"wp-block-themeisle-blocks-advanced-column-aec36e02\" class=\"wp-block-themeisle-blocks-advanced-column\">\n<div class=\"wp-block-themeisle-blocks-service\">\n<div id=\"wp-block-themeisle-blocks-font-awesome-icons-5ec64590\" class=\"wp-block-themeisle-blocks-font-awesome-icons\"><span class=\"wp-block-themeisle-blocks-font-awesome-icons-container\"><i class=\"fas fa-cogs\"><\/i><\/span><\/div>\n\n\n\n<h3 class=\"wp-block-heading has-text-align-center\">ANPASSUNGSF\u00c4HIG\u200b<\/h3>\n\n\n\n<p class=\"has-text-align-center\">Responsives Design f\u00fcr die angepasste Darstellung auf Smartphone, Tablet und Desktop.\u200b<\/p>\n<\/div>\n<\/div>\n\n\n\n<div id=\"wp-block-themeisle-blocks-advanced-column-dbbcb17e\" class=\"wp-block-themeisle-blocks-advanced-column\">\n<div class=\"wp-block-themeisle-blocks-service\">\n<div id=\"wp-block-themeisle-blocks-font-awesome-icons-1dc604b6\" class=\"wp-block-themeisle-blocks-font-awesome-icons\"><span class=\"wp-block-themeisle-blocks-font-awesome-icons-container\"><i class=\"far fa-thumbs-up\"><\/i><\/span><\/div>\n\n\n\n<h3 class=\"wp-block-heading has-text-align-center\">BENUTZERFREUNDLICH\u200b<\/h3>\n\n\n\n<p class=\"has-text-align-center\">Ein rundum positives Kunden-Erlebnis vom Galerie-Rundgang \u00fcber die Bestellung bis hin zur Lieferung.\u200b<\/p>\n<\/div>\n<\/div>\n<\/div><\/div>\n<\/div>\n<\/div><\/div>\n\n\n\n<p><\/p>","protected":false},"excerpt":{"rendered":"","protected":false},"author":1,"featured_media":0,"parent":0,"menu_order":0,"comment_status":"closed","ping_status":"closed","template":"","meta":{"neve_meta_sidebar":"full-width","neve_meta_container":"","neve_meta_enable_content_width":"on","neve_meta_content_width":100,"neve_meta_title_alignment":"","neve_meta_author_avatar":"","neve_post_elements_order":"","neve_meta_disable_header":"","neve_meta_disable_footer":"","neve_meta_disable_title":"on","_themeisle_gutenberg_block_has_review":false,"footnotes":""},"class_list":["post-281","page","type-page","status-publish","hentry"],"_links":{"self":[{"href":"https:\/\/artificielle.art\/en\/wp-json\/wp\/v2\/pages\/281","targetHints":{"allow":["GET"]}}],"collection":[{"href":"https:\/\/artificielle.art\/en\/wp-json\/wp\/v2\/pages"}],"about":[{"href":"https:\/\/artificielle.art\/en\/wp-json\/wp\/v2\/types\/page"}],"author":[{"embeddable":true,"href":"https:\/\/artificielle.art\/en\/wp-json\/wp\/v2\/users\/1"}],"replies":[{"embeddable":true,"href":"https:\/\/artificielle.art\/en\/wp-json\/wp\/v2\/comments?post=281"}],"version-history":[{"count":7,"href":"https:\/\/artificielle.art\/en\/wp-json\/wp\/v2\/pages\/281\/revisions"}],"predecessor-version":[{"id":1152,"href":"https:\/\/artificielle.art\/en\/wp-json\/wp\/v2\/pages\/281\/revisions\/1152"}],"wp:attachment":[{"href":"https:\/\/artificielle.art\/en\/wp-json\/wp\/v2\/media?parent=281"}],"curies":[{"name":"wp","href":"https:\/\/api.w.org\/{rel}","templated":true}]}}