{"id":326,"date":"2020-09-09T17:55:08","date_gmt":"2020-09-09T17:55:08","guid":{"rendered":"https:\/\/demosites.io\/shop-gb\/?page_id=265"},"modified":"2024-11-26T00:02:51","modified_gmt":"2024-11-25T23:02:51","slug":"52e3e-home","status":"publish","type":"page","link":"https:\/\/artificielle.art\/en\/","title":{"rendered":"Exklusive Designobjekte: \u00c4sthetik und Umweltbewusstsein"},"content":{"rendered":"\n<div id=\"wp-block-themeisle-blocks-advanced-columns-2e16e929\" class=\"wp-block-themeisle-blocks-advanced-columns alignfull has-1-columns has-desktop-equal-layout has-tablet-equal-layout has-mobile-equal-layout has-vertical-bottom\"><div class=\"wp-block-themeisle-blocks-advanced-columns-overlay\"><\/div><div class=\"innerblocks-wrap\">\n<div id=\"wp-block-themeisle-blocks-advanced-column-630e65ce\" class=\"wp-block-themeisle-blocks-advanced-column\">\n<div class=\"wp-block-buttons is-horizontal is-content-justification-center is-layout-flex wp-container-core-buttons-is-layout-499968f5 wp-block-buttons-is-layout-flex\">\n<div class=\"wp-block-button is-style-primary\"><a class=\"wp-block-button__link wp-element-button\" href=\"https:\/\/artificielle.art\/product-category\/design-objekte\/handyhuellen\">ONLINE SHOP<\/a><\/div>\n\n\n\n<div class=\"wp-block-button is-style-primary\"><a class=\"wp-block-button__link wp-element-button\" href=\"https:\/\/artificielle.art\/product-category\/kunstwerke\">GALERIE ANSEHEN<\/a><\/div>\n<\/div>\n\n\n\n<div style=\"height:40px\" aria-hidden=\"true\" class=\"wp-block-spacer\"><\/div>\n<\/div>\n<\/div><\/div>\n\n\n\n<div id=\"wp-block-themeisle-blocks-advanced-columns-57bfef66\" class=\"wp-block-themeisle-blocks-advanced-columns alignfull has-1-columns has-desktop-equal-layout has-tablet-equal-layout has-mobile-equal-layout has-vertical-unset has-light-bg\"><div class=\"wp-block-themeisle-blocks-advanced-columns-overlay\"><\/div><div class=\"innerblocks-wrap\">\n<div id=\"wp-block-themeisle-blocks-advanced-column-88849554\" class=\"wp-block-themeisle-blocks-advanced-column\">\n<h1 class=\"wp-block-heading has-text-align-center o-typing-delay-1s o-typing-slower\">EINE ART GALERIE<\/h1>\n\n\n\n<p class=\"has-text-align-center\"><em>Guter Geschmack zeigt sich nicht nur in Ihrer Pr\u00e4ferenz, sondern auch in der Art, wie Sie es pr\u00e4sentieren.<\/em><\/p>\n\n\n\n<div id=\"wp-block-themeisle-blocks-advanced-columns-f4d5db45\" class=\"wp-block-themeisle-blocks-advanced-columns has-3-columns has-desktop-equal-layout has-tablet-equal-layout has-mobile-collapsedRows-layout has-vertical-unset\"><div class=\"wp-block-themeisle-blocks-advanced-columns-overlay\"><\/div><div class=\"innerblocks-wrap\">\n<div id=\"wp-block-themeisle-blocks-advanced-column-abaf1f32\" class=\"wp-block-themeisle-blocks-advanced-column\">\n<div class=\"wp-block-themeisle-blocks-service\">\n<div id=\"wp-block-themeisle-blocks-font-awesome-icons-83293f68\" class=\"wp-block-themeisle-blocks-font-awesome-icons\"><span class=\"wp-block-themeisle-blocks-font-awesome-icons-container\"><i class=\"fas fa-gift\"><\/i><\/span><\/div>\n\n\n\n<h2 class=\"wp-block-heading has-text-align-center\">   EXKLUSIVE DESIGN-Objekte inklusive umweltbewusstsein <\/h2>\n\n\n\n<p class=\"has-text-align-left has-neve-text-color-color has-text-color\">Sie orientieren sich nicht an der Meinung anderer. Sie verlassen sich ganz auf Ihre eigene Urteilskraft. Es ist wie eine Lebensphilosophie. Eine Entdeckungsreise ohne festgelegte Wege.<\/p>\n\n\n\n<p>Es ist uns ein Anliegen, auch umweltbewusste Alternativen f\u00fcr Produkte zu bieten (umweltbewusste Produkte bestehen zu mindestens 70 % aus organischen, recycelten oder biologisch abbaubaren Materialien).<\/p>\n<\/div>\n<\/div>\n\n\n\n<div id=\"wp-block-themeisle-blocks-advanced-column-2670760a\" class=\"wp-block-themeisle-blocks-advanced-column\">\n<div class=\"wp-block-themeisle-blocks-service\">\n<div id=\"wp-block-themeisle-blocks-font-awesome-icons-48f0c34c\" class=\"wp-block-themeisle-blocks-font-awesome-icons\"><span class=\"wp-block-themeisle-blocks-font-awesome-icons-container\"><i class=\"fas fa-globe\"><\/i><\/span><\/div>\n\n\n\n<h2 class=\"wp-block-heading has-text-align-center\">SCHNELLE LIEFERUNG 100 % GRATIS!<\/h2>\n\n\n\n<p class=\"has-text-align-left has-neve-text-color-color has-text-color\">Ein spontaner Kauf verdient eine schnelle Lieferung. Wenn Sie diese Erfahrung geniesen, wird sich Ihr ganzes Einkaufserlebnis \u00e4ndern. Was sich \u00e4ndern wird, ist, dass Sie sich \u00e4ndern werden, Ihr Leben wird sich \u00e4ndern, und wenn Sie sich selbst \u00e4ndern k\u00f6nnen, k\u00f6nnen Sie vielleicht auch die Welt \u00e4ndern.<\/p>\n\n\n\n<p class=\"has-text-align-left has-neve-text-color-color has-text-color\">Wir produzieren Ihre Bestellungen auf Abruf dezentral in der Europ\u00e4ische Union, wodurch Versandwege, CO2-Emissionen und \u00dcberproduktion reduziert werden.<\/p>\n<\/div>\n<\/div>\n\n\n\n<div id=\"wp-block-themeisle-blocks-advanced-column-4f9991e5\" class=\"wp-block-themeisle-blocks-advanced-column\">\n<div class=\"wp-block-themeisle-blocks-service\">\n<div id=\"wp-block-themeisle-blocks-font-awesome-icons-8351db79\" class=\"wp-block-themeisle-blocks-font-awesome-icons\"><span class=\"wp-block-themeisle-blocks-font-awesome-icons-container\"><i class=\"fas fa-star\"><\/i><\/span><\/div>\n\n\n\n<h2 class=\"wp-block-heading has-text-align-center\">100 % ZUFRIEDENHEIT f\u00fcr sie, die umwelt und das Klima<\/h2>\n\n\n\n<p class=\"has-text-align-left\">Sie haben die Gestaltung immer als das A und O des Kunstalphabets betrachtet. Sie m\u00f6gen es, wenn die Dinge um Sie herum sch\u00f6n und leicht vertr\u00e4umt sind.<\/p>\n\n\n\n<p>Lassen Sie sich Zeit, dank unseres 14-t\u00e4gigen Widerrufsrechts k\u00f6nnen Sie alle bestellten Lieferungen erst Mal in Ruhe in Augenschein nehmen.<\/p>\n\n\n\n<p>Bitte beachten Sie jedoch, dass viele unserer Produkte auf Abruf produziert werden und es daher nicht wirtschaftlich f\u00fcr uns w\u00e4re, wenn wir diese als \u00dcberproduktion zur\u00fccknehmen m\u00fcssten.<\/p>\n\n\n\n<p>Denken Sie daher bitte zuerst an den Umwelt- und Klimaschutz, bevor Sie eine Lieferung zur\u00fccksenden.<\/p>\n<\/div>\n<\/div>\n<\/div><\/div>\n<\/div>\n<\/div><\/div>\n\n\n\n<div id=\"wp-block-themeisle-blocks-advanced-columns-11adf6c7\" class=\"wp-block-themeisle-blocks-advanced-columns has-1-columns has-desktop-equal-layout has-tablet-equal-layout has-mobile-equal-layout has-vertical-unset has-light-bg\"><div class=\"wp-block-themeisle-blocks-advanced-columns-overlay\"><\/div><div class=\"innerblocks-wrap\">\n<div id=\"wp-block-themeisle-blocks-advanced-column-8e84f112\" class=\"wp-block-themeisle-blocks-advanced-column\">\n<h3 class=\"wp-block-heading has-text-align-center\">NEUESTE DESIGN-OBJEKTE<\/h3>\n\n\n\n<p><strong><mark style=\"background-color:rgba(0, 0, 0, 0)\" class=\"has-inline-color has-neve-link-hover-color-color\">BLACK FRIDAY DEAL: GRATIS LIEFERUNG &#8211; JETZT ALLE ARTIKEL VERSANDKOSTENFREI &#8211; FREE SHIPPING ON ALL ITEMS!<\/mark><\/strong><\/p>\n\n\n\n<div style=\"height:40px\" aria-hidden=\"true\" class=\"wp-block-spacer\"><\/div>\n\n\n\n<div class=\"wp-block-columns is-layout-flex wp-container-core-columns-is-layout-9d6595d7 wp-block-columns-is-layout-flex\">\n<div class=\"wp-block-column is-layout-flow wp-block-column-is-layout-flow\" style=\"flex-basis:100%\">\n<div class=\"wp-block-group is-vertical is-layout-flex wp-container-core-group-is-layout-8cf370e7 wp-block-group-is-layout-flex\"><div data-align-buttons=\"true\" data-block-name=\"woocommerce\/handpicked-products\" data-columns=\"4\" data-content-visibility=\"{&quot;title&quot;:true,&quot;price&quot;:true,&quot;rating&quot;:true,&quot;button&quot;:false}\" data-orderby=\"menu_order\" data-products=\"[1607,1815,1760,1866,1552,1635]\" class=\"wc-block-grid wp-block-handpicked-products wp-block-woocommerce-handpicked-products wc-block-handpicked-products has-4-columns has-multiple-rows has-aligned-buttons\"><ul class=\"wc-block-grid__products\"><li class=\"wc-block-grid__product\">\n\t\t\t\t<a href=\"https:\/\/artificielle.art\/en\/product\/misty-dream-of-london-leinwand-auf-keilrahmen-canvas-on-frame\/\" class=\"wc-block-grid__product-link\">\n\t\t\t\t\t\n\t\t\t\t\t<div class=\"wc-block-grid__product-image\"><img loading=\"lazy\" decoding=\"async\" width=\"300\" height=\"300\" src=\"https:\/\/artificielle.art\/wp-content\/uploads\/2024\/10\/a522bde9-df3f-482f-86a5-04976c03b1a6-300x300.jpg\" class=\"attachment-woocommerce_thumbnail size-woocommerce_thumbnail\" alt=\"a522bde9-df3f-482f-86a5-04976c03b1a6\" srcset=\"https:\/\/artificielle.art\/wp-content\/uploads\/2024\/10\/a522bde9-df3f-482f-86a5-04976c03b1a6-300x300.jpg 300w, https:\/\/artificielle.art\/wp-content\/uploads\/2024\/10\/a522bde9-df3f-482f-86a5-04976c03b1a6-1024x1024.jpg 1024w, https:\/\/artificielle.art\/wp-content\/uploads\/2024\/10\/a522bde9-df3f-482f-86a5-04976c03b1a6-150x150.jpg 150w, https:\/\/artificielle.art\/wp-content\/uploads\/2024\/10\/a522bde9-df3f-482f-86a5-04976c03b1a6-768x768.jpg 768w, https:\/\/artificielle.art\/wp-content\/uploads\/2024\/10\/a522bde9-df3f-482f-86a5-04976c03b1a6-1536x1536.jpg 1536w, https:\/\/artificielle.art\/wp-content\/uploads\/2024\/10\/a522bde9-df3f-482f-86a5-04976c03b1a6-1320x1320.jpg 1320w, https:\/\/artificielle.art\/wp-content\/uploads\/2024\/10\/a522bde9-df3f-482f-86a5-04976c03b1a6-600x600.jpg 600w, https:\/\/artificielle.art\/wp-content\/uploads\/2024\/10\/a522bde9-df3f-482f-86a5-04976c03b1a6-100x100.jpg 100w, https:\/\/artificielle.art\/wp-content\/uploads\/2024\/10\/a522bde9-df3f-482f-86a5-04976c03b1a6.jpg 2048w\" sizes=\"auto, (max-width: 300px) 100vw, 300px\"><\/div>\n\t\t\t\t\t<div class=\"wc-block-grid__product-title\">Misty Dream of London &#8211; Leinwand auf Keilrahmen (canvas on frame)<\/div>\n\t\t\t\t<\/a>\n\t\t\t\t<div class=\"wc-block-grid__product-price price\"><span class=\"woocommerce-Price-amount amount\">49,62&nbsp;<span class=\"woocommerce-Price-currencySymbol\">&euro;<\/span><\/span> &ndash; <span class=\"woocommerce-Price-amount amount\">112,76&nbsp;<span class=\"woocommerce-Price-currencySymbol\">&euro;<\/span><\/span> <small class=\"woocommerce-price-suffix\">Endpreis gem. UStG &sect;19 (DE)<\/small><\/div><p class=\"wc-gzd-additional-info wc-gzd-additional-info-loop tax-info\">incl. VAT<\/p>\n\t\t\t\t\n\t\t\t\t\n\t\t\t<\/li>\n<li class=\"wc-block-grid__product\">\n\t\t\t\t<a href=\"https:\/\/artificielle.art\/en\/product\/new-york-city-dream-leinwand-auf-keilrahmen-canvas-on-frame\/\" class=\"wc-block-grid__product-link\">\n\t\t\t\t\t\n\t\t\t\t\t<div class=\"wc-block-grid__product-image\"><img loading=\"lazy\" decoding=\"async\" width=\"300\" height=\"300\" src=\"https:\/\/artificielle.art\/wp-content\/uploads\/2024\/10\/b505713a-8e00-4692-a6d3-4e4c1bb984bb-300x300.jpg\" class=\"attachment-woocommerce_thumbnail size-woocommerce_thumbnail\" alt=\"b505713a-8e00-4692-a6d3-4e4c1bb984bb\" srcset=\"https:\/\/artificielle.art\/wp-content\/uploads\/2024\/10\/b505713a-8e00-4692-a6d3-4e4c1bb984bb-300x300.jpg 300w, https:\/\/artificielle.art\/wp-content\/uploads\/2024\/10\/b505713a-8e00-4692-a6d3-4e4c1bb984bb-1024x1024.jpg 1024w, https:\/\/artificielle.art\/wp-content\/uploads\/2024\/10\/b505713a-8e00-4692-a6d3-4e4c1bb984bb-150x150.jpg 150w, https:\/\/artificielle.art\/wp-content\/uploads\/2024\/10\/b505713a-8e00-4692-a6d3-4e4c1bb984bb-768x768.jpg 768w, https:\/\/artificielle.art\/wp-content\/uploads\/2024\/10\/b505713a-8e00-4692-a6d3-4e4c1bb984bb-1536x1536.jpg 1536w, https:\/\/artificielle.art\/wp-content\/uploads\/2024\/10\/b505713a-8e00-4692-a6d3-4e4c1bb984bb-1320x1320.jpg 1320w, https:\/\/artificielle.art\/wp-content\/uploads\/2024\/10\/b505713a-8e00-4692-a6d3-4e4c1bb984bb-600x600.jpg 600w, https:\/\/artificielle.art\/wp-content\/uploads\/2024\/10\/b505713a-8e00-4692-a6d3-4e4c1bb984bb-100x100.jpg 100w, https:\/\/artificielle.art\/wp-content\/uploads\/2024\/10\/b505713a-8e00-4692-a6d3-4e4c1bb984bb.jpg 2048w\" sizes=\"auto, (max-width: 300px) 100vw, 300px\"><\/div>\n\t\t\t\t\t<div class=\"wc-block-grid__product-title\">New York City Dream &#8211; Leinwand auf Keilrahmen<\/div>\n\t\t\t\t<\/a>\n\t\t\t\t<div class=\"wc-block-grid__product-price price\"><span class=\"woocommerce-Price-amount amount\">47,70&nbsp;<span class=\"woocommerce-Price-currencySymbol\">&euro;<\/span><\/span> &ndash; <span class=\"woocommerce-Price-amount amount\">89,16&nbsp;<span class=\"woocommerce-Price-currencySymbol\">&euro;<\/span><\/span> <small class=\"woocommerce-price-suffix\">Endpreis gem. UStG &sect;19 (DE)<\/small><\/div><p class=\"wc-gzd-additional-info wc-gzd-additional-info-loop tax-info\">incl. VAT<\/p>\n\t\t\t\t\n\t\t\t\t\n\t\t\t<\/li>\n<li class=\"wc-block-grid__product\">\n\t\t\t\t<a href=\"https:\/\/artificielle.art\/en\/product\/piazza-san-marco-di-venezia-leinwand-auf-keilrahmen-canvas-on-frame\/\" class=\"wc-block-grid__product-link\">\n\t\t\t\t\t\n\t\t\t\t\t<div class=\"wc-block-grid__product-image\"><img loading=\"lazy\" decoding=\"async\" width=\"300\" height=\"300\" src=\"https:\/\/artificielle.art\/wp-content\/uploads\/2024\/10\/430199d9-7a27-41db-99b5-398b25d5a3a6-300x300.jpg\" class=\"attachment-woocommerce_thumbnail size-woocommerce_thumbnail\" alt=\"430199d9-7a27-41db-99b5-398b25d5a3a6\" srcset=\"https:\/\/artificielle.art\/wp-content\/uploads\/2024\/10\/430199d9-7a27-41db-99b5-398b25d5a3a6-300x300.jpg 300w, https:\/\/artificielle.art\/wp-content\/uploads\/2024\/10\/430199d9-7a27-41db-99b5-398b25d5a3a6-1024x1024.jpg 1024w, https:\/\/artificielle.art\/wp-content\/uploads\/2024\/10\/430199d9-7a27-41db-99b5-398b25d5a3a6-150x150.jpg 150w, https:\/\/artificielle.art\/wp-content\/uploads\/2024\/10\/430199d9-7a27-41db-99b5-398b25d5a3a6-768x768.jpg 768w, https:\/\/artificielle.art\/wp-content\/uploads\/2024\/10\/430199d9-7a27-41db-99b5-398b25d5a3a6-1536x1536.jpg 1536w, https:\/\/artificielle.art\/wp-content\/uploads\/2024\/10\/430199d9-7a27-41db-99b5-398b25d5a3a6-1320x1320.jpg 1320w, https:\/\/artificielle.art\/wp-content\/uploads\/2024\/10\/430199d9-7a27-41db-99b5-398b25d5a3a6-600x600.jpg 600w, https:\/\/artificielle.art\/wp-content\/uploads\/2024\/10\/430199d9-7a27-41db-99b5-398b25d5a3a6-100x100.jpg 100w, https:\/\/artificielle.art\/wp-content\/uploads\/2024\/10\/430199d9-7a27-41db-99b5-398b25d5a3a6.jpg 2048w\" sizes=\"auto, (max-width: 300px) 100vw, 300px\"><\/div>\n\t\t\t\t\t<div class=\"wc-block-grid__product-title\">Piazza San Marco di Venezia &#8211; Leinwand auf Keilrahmen (canvas on frame)<\/div>\n\t\t\t\t<\/a>\n\t\t\t\t<div class=\"wc-block-grid__product-price price\"><span class=\"woocommerce-Price-amount amount\">27,12&nbsp;<span class=\"woocommerce-Price-currencySymbol\">&euro;<\/span><\/span> &ndash; <span class=\"woocommerce-Price-amount amount\">91,24&nbsp;<span class=\"woocommerce-Price-currencySymbol\">&euro;<\/span><\/span> <small class=\"woocommerce-price-suffix\">Endpreis gem. UStG &sect;19 (DE)<\/small><\/div><p class=\"wc-gzd-additional-info wc-gzd-additional-info-loop tax-info\">incl. VAT<\/p>\n\t\t\t\t\n\t\t\t\t\n\t\t\t<\/li>\n<li class=\"wc-block-grid__product\">\n\t\t\t\t<a href=\"https:\/\/artificielle.art\/en\/product\/premium-semi-glossy-paper-poster\/\" class=\"wc-block-grid__product-link\">\n\t\t\t\t\t\n\t\t\t\t\t<div class=\"wc-block-grid__product-image\"><img loading=\"lazy\" decoding=\"async\" width=\"300\" height=\"300\" src=\"https:\/\/artificielle.art\/wp-content\/uploads\/2024\/10\/2cde46d1-cfc1-4ca7-af8c-95bb8a180cd1-300x300.jpg\" class=\"attachment-woocommerce_thumbnail size-woocommerce_thumbnail\" alt=\"2cde46d1-cfc1-4ca7-af8c-95bb8a180cd1\" srcset=\"https:\/\/artificielle.art\/wp-content\/uploads\/2024\/10\/2cde46d1-cfc1-4ca7-af8c-95bb8a180cd1-300x300.jpg 300w, https:\/\/artificielle.art\/wp-content\/uploads\/2024\/10\/2cde46d1-cfc1-4ca7-af8c-95bb8a180cd1-1024x1024.jpg 1024w, https:\/\/artificielle.art\/wp-content\/uploads\/2024\/10\/2cde46d1-cfc1-4ca7-af8c-95bb8a180cd1-150x150.jpg 150w, https:\/\/artificielle.art\/wp-content\/uploads\/2024\/10\/2cde46d1-cfc1-4ca7-af8c-95bb8a180cd1-768x768.jpg 768w, https:\/\/artificielle.art\/wp-content\/uploads\/2024\/10\/2cde46d1-cfc1-4ca7-af8c-95bb8a180cd1-1536x1536.jpg 1536w, https:\/\/artificielle.art\/wp-content\/uploads\/2024\/10\/2cde46d1-cfc1-4ca7-af8c-95bb8a180cd1-1320x1320.jpg 1320w, https:\/\/artificielle.art\/wp-content\/uploads\/2024\/10\/2cde46d1-cfc1-4ca7-af8c-95bb8a180cd1-600x600.jpg 600w, https:\/\/artificielle.art\/wp-content\/uploads\/2024\/10\/2cde46d1-cfc1-4ca7-af8c-95bb8a180cd1-100x100.jpg 100w, https:\/\/artificielle.art\/wp-content\/uploads\/2024\/10\/2cde46d1-cfc1-4ca7-af8c-95bb8a180cd1.jpg 2048w\" sizes=\"auto, (max-width: 300px) 100vw, 300px\"><\/div>\n\t\t\t\t\t<div class=\"wc-block-grid__product-title\">Premium Poster &bdquo;Make Art &ndash; Not War&ldquo;<\/div>\n\t\t\t\t<\/a>\n\t\t\t\t<div class=\"wc-block-grid__product-price price\"><span class=\"woocommerce-Price-amount amount\">12,50&nbsp;<span class=\"woocommerce-Price-currencySymbol\">&euro;<\/span><\/span> &ndash; <span class=\"woocommerce-Price-amount amount\">39,50&nbsp;<span class=\"woocommerce-Price-currencySymbol\">&euro;<\/span><\/span> <small class=\"woocommerce-price-suffix\">Endpreis gem. UStG &sect;19 (DE)<\/small><\/div><p class=\"wc-gzd-additional-info wc-gzd-additional-info-loop tax-info\">incl. VAT<\/p>\n\t\t\t\t\n\t\t\t\t\n\t\t\t<\/li>\n<\/ul><\/div><\/div>\n<\/div>\n<\/div>\n\n\n\n<div style=\"height:40px\" aria-hidden=\"true\" class=\"wp-block-spacer\"><\/div>\n\n\n\n<div class=\"wp-block-buttons is-horizontal is-content-justification-center is-layout-flex wp-container-core-buttons-is-layout-499968f5 wp-block-buttons-is-layout-flex\">\n<div class=\"wp-block-button is-style-primary\"><a class=\"wp-block-button__link wp-element-button\" href=\"https:\/\/artificielle.art\/product-category\/design-objekte\/handyhuellen\/\">JETZT EINKAUFEN<\/a><\/div>\n<\/div>\n<\/div>\n<\/div><\/div>\n\n\n\n<div id=\"wp-block-themeisle-blocks-advanced-columns-ebdfb20d\" class=\"wp-block-themeisle-blocks-advanced-columns alignfull has-1-columns has-desktop-equal-layout has-tablet-equal-layout has-mobile-equal-layout has-vertical-unset\"><div class=\"wp-block-themeisle-blocks-advanced-columns-overlay\"><\/div><div class=\"innerblocks-wrap\">\n<div id=\"wp-block-themeisle-blocks-advanced-column-1533a724\" class=\"wp-block-themeisle-blocks-advanced-column\">\n<h2 class=\"wp-block-heading has-text-align-center has-nv-text-dark-bg-color has-text-color\" style=\"font-size:30px\">LASS DICH INSPIRIEREN. SEI TRENDS VORAUS.<\/h2>\n<\/div>\n<\/div><\/div>\n\n\n\n<div id=\"wp-block-themeisle-blocks-advanced-columns-a83673d2\" class=\"wp-block-themeisle-blocks-advanced-columns has-1-columns has-desktop-equal-layout has-tablet-equal-layout has-mobile-equal-layout has-vertical-unset\"><div class=\"wp-block-themeisle-blocks-advanced-columns-overlay\"><\/div><div class=\"innerblocks-wrap\">\n<div id=\"wp-block-themeisle-blocks-advanced-column-6ff783c9\" class=\"wp-block-themeisle-blocks-advanced-column\">\n\n\n<div style=\"height:30px\" aria-hidden=\"true\" class=\"wp-block-spacer\"><\/div>\n<\/div>\n<\/div><\/div>\n","protected":false},"excerpt":{"rendered":"","protected":false},"author":1,"featured_media":0,"parent":0,"menu_order":0,"comment_status":"closed","ping_status":"closed","template":"","meta":{"neve_meta_sidebar":"full-width","neve_meta_container":"default","neve_meta_enable_content_width":"on","neve_meta_content_width":100,"neve_meta_title_alignment":"","neve_meta_author_avatar":"","neve_post_elements_order":"","neve_meta_disable_header":"","neve_meta_disable_footer":"","neve_meta_disable_title":"on","_themeisle_gutenberg_block_has_review":false,"footnotes":""},"class_list":["post-326","page","type-page","status-publish","hentry"],"_links":{"self":[{"href":"https:\/\/artificielle.art\/en\/wp-json\/wp\/v2\/pages\/326","targetHints":{"allow":["GET"]}}],"collection":[{"href":"https:\/\/artificielle.art\/en\/wp-json\/wp\/v2\/pages"}],"about":[{"href":"https:\/\/artificielle.art\/en\/wp-json\/wp\/v2\/types\/page"}],"author":[{"embeddable":true,"href":"https:\/\/artificielle.art\/en\/wp-json\/wp\/v2\/users\/1"}],"replies":[{"embeddable":true,"href":"https:\/\/artificielle.art\/en\/wp-json\/wp\/v2\/comments?post=326"}],"version-history":[{"count":59,"href":"https:\/\/artificielle.art\/en\/wp-json\/wp\/v2\/pages\/326\/revisions"}],"predecessor-version":[{"id":1927,"href":"https:\/\/artificielle.art\/en\/wp-json\/wp\/v2\/pages\/326\/revisions\/1927"}],"wp:attachment":[{"href":"https:\/\/artificielle.art\/en\/wp-json\/wp\/v2\/media?parent=326"}],"curies":[{"name":"wp","href":"https:\/\/api.w.org\/{rel}","templated":true}]}}