{"id":53,"date":"2019-03-06T12:59:31","date_gmt":"2019-03-06T12:59:31","guid":{"rendered":"https:\/\/demosites.io\/shop-gb\/shop\/"},"modified":"2024-05-21T20:41:07","modified_gmt":"2024-05-21T20:41:07","slug":"shop-2","status":"publish","type":"page","link":"https:\/\/artificielle.art\/en\/shop-2\/","title":{"rendered":"Gallery"},"content":{"rendered":"<p><strong>JETZT NEU IN UNSERER SHOPPING-GALERIE<\/strong><\/p>\n\n\n\n<p><strong>Handy-H\u00fcllen f\u00fcr iPhone von APPLE und Smartphones der Marke SAMSUNG <\/strong><\/p>\n\n\n\n<p>Bio Case f\u00fcr iPhone hergestellt aus 100% biologisch abbaubarem Material in schlichtem Schwarz, kratz- und sto\u00dffest und gleichzeitig umweltbewusst.<\/p>\n\n\n\n<p>Bedruckt mit einem asiatischen Tattoo-Motiv, einem Drachen im traditionellen japansichen Irezumi-Stil.<\/p>\n\n\n\n<p>Entwurf durch den asiatischen Tattoo-K\u00fcnstler &#8222;Iron_curtainz&#8220; exklusiv f\u00fcr Galerie artificielle.art \u00a9 2024 alle Rechte vorbehalten.<\/p>\n\n\n\n<p>\u00a0Jetzt in unserem <strong><a href=\"https:\/\/artificielle.art\/en\/product-category\/design-objekte\/handyhuellen\/\" data-type=\"link\" data-id=\"https:\/\/artificielle.art\/product-category\/design-objekte\/handyhuellen\/\">Shop<\/a> <\/strong>unter verschiedenen Modell- und Farbvarianten ausw\u00e4hlen und bequem bestellen!<\/p>\n\n\n\n<figure class=\"wp-block-image size-full is-resized\"><img loading=\"lazy\" decoding=\"async\" width=\"400\" height=\"400\" src=\"https:\/\/artificielle.art\/wp-content\/uploads\/2024\/05\/498813e3-4b63-4ddd-a173-97d5d6b74560.png\" alt=\"\" class=\"wp-image-1293\" style=\"width:679px;height:auto\" srcset=\"https:\/\/artificielle.art\/wp-content\/uploads\/2024\/05\/498813e3-4b63-4ddd-a173-97d5d6b74560.png 400w, https:\/\/artificielle.art\/wp-content\/uploads\/2024\/05\/498813e3-4b63-4ddd-a173-97d5d6b74560-300x300.png 300w, https:\/\/artificielle.art\/wp-content\/uploads\/2024\/05\/498813e3-4b63-4ddd-a173-97d5d6b74560-150x150.png 150w, https:\/\/artificielle.art\/wp-content\/uploads\/2024\/05\/498813e3-4b63-4ddd-a173-97d5d6b74560-100x100.png 100w\" sizes=\"auto, (max-width: 400px) 100vw, 400px\" \/><\/figure>\n\n\n\n<p><\/p>\n\n\n\n<p><\/p>\n\n\n\n<p><\/p>","protected":false},"excerpt":{"rendered":"<p>JETZT NEU IN UNSERER SHOPPING-GALERIE Handy-H\u00fcllen f\u00fcr iPhone von APPLE und Smartphones der Marke SAMSUNG Bio Case f\u00fcr iPhone hergestellt aus 100% biologisch abbaubarem Material in schlichtem Schwarz, kratz- und sto\u00dffest und gleichzeitig umweltbewusst. Bedruckt mit einem asiatischen Tattoo-Motiv, einem Drachen im traditionellen japansichen Irezumi-Stil. Entwurf durch den asiatischen Tattoo-K\u00fcnstler &#8222;Iron_curtainz&#8220; exklusiv f\u00fcr Galerie artificielle.art&hellip;&nbsp;<a href=\"https:\/\/artificielle.art\/en\/shop-2\/\" rel=\"bookmark\">Read More &raquo;<span class=\"screen-reader-text\">Gallery<\/span><\/a><\/p>","protected":false},"author":1,"featured_media":0,"parent":0,"menu_order":0,"comment_status":"closed","ping_status":"closed","template":"","meta":{"neve_meta_sidebar":"left","neve_meta_container":"","neve_meta_enable_content_width":"","neve_meta_content_width":70,"neve_meta_title_alignment":"","neve_meta_author_avatar":"","neve_post_elements_order":"","neve_meta_disable_header":"","neve_meta_disable_footer":"","neve_meta_disable_title":"","_themeisle_gutenberg_block_has_review":false,"footnotes":""},"class_list":["post-53","page","type-page","status-publish","hentry"],"_links":{"self":[{"href":"https:\/\/artificielle.art\/en\/wp-json\/wp\/v2\/pages\/53","targetHints":{"allow":["GET"]}}],"collection":[{"href":"https:\/\/artificielle.art\/en\/wp-json\/wp\/v2\/pages"}],"about":[{"href":"https:\/\/artificielle.art\/en\/wp-json\/wp\/v2\/types\/page"}],"author":[{"embeddable":true,"href":"https:\/\/artificielle.art\/en\/wp-json\/wp\/v2\/users\/1"}],"replies":[{"embeddable":true,"href":"https:\/\/artificielle.art\/en\/wp-json\/wp\/v2\/comments?post=53"}],"version-history":[{"count":14,"href":"https:\/\/artificielle.art\/en\/wp-json\/wp\/v2\/pages\/53\/revisions"}],"predecessor-version":[{"id":1298,"href":"https:\/\/artificielle.art\/en\/wp-json\/wp\/v2\/pages\/53\/revisions\/1298"}],"wp:attachment":[{"href":"https:\/\/artificielle.art\/en\/wp-json\/wp\/v2\/media?parent=53"}],"curies":[{"name":"wp","href":"https:\/\/api.w.org\/{rel}","templated":true}]}}