{"id":1698,"date":"2024-10-16T16:25:50","date_gmt":"2024-10-16T15:25:50","guid":{"rendered":"https:\/\/artificielle.art\/produkt\/prager-rhapsodie-rhapsody-of-prag-leinwand-auf-keilrahmen-canvas-on-frame\/"},"modified":"2024-11-25T23:06:42","modified_gmt":"2024-11-25T22:06:42","slug":"prager-rhapsodie-rhapsody-of-prag-leinwand-auf-keilrahmen-canvas-on-frame","status":"publish","type":"product","link":"https:\/\/artificielle.art\/en\/product\/prager-rhapsodie-rhapsody-of-prag-leinwand-auf-keilrahmen-canvas-on-frame\/","title":{"rendered":"Rhapsody of Prag (canvas on frame)"},"content":{"rendered":"<h1>View of a city in the style of an impressionist painting<\/h1>\n<div>\n<h2>Titel: &#8222;Prager Rhapsodie&#8220;<\/h2>\n<\/div>\n<div>Ein vertr\u00e4umte Sicht auf die tschechische Stadt an der Moldau<\/div>\n<div>\n<ul>\n<li>by our in-house artist MH (c) 2024<\/li>\n<\/ul>\n<\/div>\n<p>Item description<\/p>\n<p>&nbsp;<\/p>\n<p>MH is a German mixed-media artist and multimedia designer.<\/p>\n<ul>\n<li>Gicl\u00e9e Print on Canvas<\/li>\n<li>Signed in the plate<\/li>\n<li>First edition (2024) 100 prints<\/li>\n<\/ul>\n<p>&nbsp;<\/p>\n<p>Certificate of authenticity available upon request<\/p>\n<p>&nbsp;<\/p>\n<p>Add texture and timeless beauty with our canvas prints. The canvas texture enhances the natural look and feel of the image, creating a truly immersive art experience:<\/p>\n<ul>\n<li><b>Canvas Material:<\/b> FSC-certified wood stretcher bars, cotton-polyester blend (300-350gsm, 350-400 microns).<\/li>\n<li><b>Thickness:<\/b> Slim (2 cm) and thick (4 cm) options.<\/li>\n<li><b>Available sizes:<\/b> 6 sizes in inches (US&amp;CA) and cms (rest of the world).<\/li>\n<li><b>Hanging Kit:<\/b> Included, varies by country.<\/li>\n<\/ul>\n<div><\/div>\n<div><\/div>\n<div><\/div>\n<h1>View of a city in the style of an impressionist painting<\/h1>\n<div>\n<h2>Title: &#8222;Rhapsody of Prag&#8220;<\/h2>\n<\/div>\n<div><\/div>\n<div>A dreamy view of the Czech city on the Vltava<\/div>\n<div>\n<ul>\n<li>by our in-house artist MH (c) 2024<\/li>\n<\/ul>\n<\/div>\n<h3>The artist<\/h3>\n<ul>\n<li>MH is a German mixed-media artist and multimedia designer.<\/li>\n<\/ul>\n<p>&nbsp;<\/p>\n<p>Item description<\/p>\n<p>&nbsp;<\/p>\n<ul>\n<li>Gicl\u00e9e Print on Canvas<\/li>\n<li>Signed in the plate<\/li>\n<li>First edition (2024) 100 prints<\/li>\n<\/ul>\n<p>&nbsp;<\/p>\n<p>Certificate of authenticity available upon request<\/p>\n<p>&nbsp;<\/p>\n<p>Enhanced texture and timeless beauty with our canvas print. The canvas texture enhances the image&#8217;s natural look and feel, creating a truly immersive art experience:<\/p>\n<ul>\n<li><strong>Canvas Material:<\/strong> Responsibly sourced FSC-certified wood stretcher bars, cotton-polyester blend (300-350gsm, 350-400 microns).<\/li>\n<li><strong>Thickness:<\/strong> Slim (2cm) and Thick (4cm) options.<\/li>\n<li><strong>Available Sizes:<\/strong> 26 sizes in inches (US &amp; Canada) and cms (rest of the world).<\/li>\n<li><strong>Hanging Kit:<\/strong> Included, varies by country.<\/li>\n<\/ul>\n<div><\/div>\n<div><\/div>\n<div>\n<div>Coypright \u00a92024 artificielle.art. All rights reserved.<\/div>\n<div><\/div>\n<\/div>\n<div><\/div>\n<div><\/div>\n<p>&nbsp;<\/p>","protected":false},"excerpt":{"rendered":"<p>Stadtansicht im Stil eines impressionistischen Gem\u00e4ldes Titel: &#8222;Prager Rhapsodie&#8220; Ein vertr\u00e4umte Sicht auf die tschechische Stadt an der Moldau von unserem K\u00fcnstler MH (c) 2024 Beschreibung &nbsp; MH ist ein deutscher Mixed-Media-K\u00fcnstler und Multimedia-Designer. Gicl\u00e9e-Druck auf Leinwand Im Druck signiert Erstausgabe (2024) 100 Drucke &nbsp; Echtheitszertifikat auf Anfrage erh\u00e4ltlich &nbsp; Verbesserte Textur und zeitlose Sch\u00f6nheit&hellip;&nbsp;<a href=\"https:\/\/artificielle.art\/en\/product\/prager-rhapsodie-rhapsody-of-prag-leinwand-auf-keilrahmen-canvas-on-frame\/\" rel=\"bookmark\">Read More &raquo;<span class=\"screen-reader-text\">Rhapsody of Prag (canvas on frame)<\/span><\/a><\/p>","protected":false},"featured_media":1740,"comment_status":"open","ping_status":"closed","template":"","meta":{"neve_meta_sidebar":"","neve_meta_container":"","neve_meta_enable_content_width":"off","neve_meta_content_width":100,"neve_meta_title_alignment":"","neve_meta_author_avatar":"","neve_post_elements_order":"","neve_meta_disable_header":"","neve_meta_disable_footer":"","neve_meta_disable_title":"","_themeisle_gutenberg_block_has_review":false},"product_brand":[],"product_cat":[44],"product_tag":[169,168,162,170,171,165,166,174,173,172,163,164,167],"class_list":{"0":"post-1698","1":"product","2":"type-product","3":"status-publish","4":"has-post-thumbnail","6":"product_cat-gemaelde","7":"product_tag-art","8":"product_tag-canvas-print","9":"product_tag-cityscape","10":"product_tag-framed-canvas","11":"product_tag-giclee","12":"product_tag-giclee-on-canvas","13":"product_tag-impressionism","14":"product_tag-keilrahmen","15":"product_tag-kunstdruck","16":"product_tag-leinwand","17":"product_tag-painting","18":"product_tag-print","19":"product_tag-town-view","21":"first","22":"instock","23":"taxable","24":"shipping-taxable","25":"purchasable","26":"product-type-variable"},"_links":{"self":[{"href":"https:\/\/artificielle.art\/en\/wp-json\/wp\/v2\/product\/1698","targetHints":{"allow":["GET"]}}],"collection":[{"href":"https:\/\/artificielle.art\/en\/wp-json\/wp\/v2\/product"}],"about":[{"href":"https:\/\/artificielle.art\/en\/wp-json\/wp\/v2\/types\/product"}],"replies":[{"embeddable":true,"href":"https:\/\/artificielle.art\/en\/wp-json\/wp\/v2\/comments?post=1698"}],"wp:featuredmedia":[{"embeddable":true,"href":"https:\/\/artificielle.art\/en\/wp-json\/wp\/v2\/media\/1740"}],"wp:attachment":[{"href":"https:\/\/artificielle.art\/en\/wp-json\/wp\/v2\/media?parent=1698"}],"wp:term":[{"taxonomy":"product_brand","embeddable":true,"href":"https:\/\/artificielle.art\/en\/wp-json\/wp\/v2\/product_brand?post=1698"},{"taxonomy":"product_cat","embeddable":true,"href":"https:\/\/artificielle.art\/en\/wp-json\/wp\/v2\/product_cat?post=1698"},{"taxonomy":"product_tag","embeddable":true,"href":"https:\/\/artificielle.art\/en\/wp-json\/wp\/v2\/product_tag?post=1698"}],"curies":[{"name":"wp","href":"https:\/\/api.w.org\/{rel}","templated":true}]}}