{"id":1760,"date":"2024-10-26T20:24:10","date_gmt":"2024-10-26T19:24:10","guid":{"rendered":"https:\/\/artificielle.art\/?post_type=product&#038;p=1760"},"modified":"2024-12-08T07:52:10","modified_gmt":"2024-12-08T06:52:10","slug":"new-york-city-dream-leinwand-auf-keilrahmen-canvas-on-frame","status":"publish","type":"product","link":"https:\/\/artificielle.art\/en\/product\/new-york-city-dream-leinwand-auf-keilrahmen-canvas-on-frame\/","title":{"rendered":"New York City Dream (canvas on frame)"},"content":{"rendered":"<h1><span>View of a city in the style of an impressionist painting<\/span><br \/><\/h1>\n<div>\n<h2><span>Title: \u201eNew York City Dream\u201c<\/span><\/h2>\n<\/div>\n<div>A dreamy view of the US city that never sleeps<span><br \/><\/span><\/div>\n<div>\n<ul>\n<li><span>by our in-house artist MH (c) 2024<\/span><\/li>\n<\/ul>\n<\/div>\n<p><span>Item description<\/span><\/p>\n<p><\/p>\n<p>MH is a German mixed-media artist and multimedia designer.<\/p>\n<\/p>\n<ul>\n<li>Gicl\u00e9e Print on Canvas<\/li>\n<li>Signed in the plate<\/li>\n<li>First edition (2024) 100 prints<\/li>\n<\/ul>\n<p><\/p>\n<p>Certificate of authenticity available upon request<\/p>\n<p><\/p>\n<p>Add texture and timeless beauty with our canvas prints. The canvas texture enhances the natural look and feel of the image, creating a truly immersive art experience:<\/p>\n<ul>\n<li><b>Canvas Material:<\/b> FSC-certified wood stretcher bars, cotton-polyester blend (300-350gsm, 350-400 microns).<\/li>\n<li><b>Thickness:<\/b> Slim (2 cm) and thick (4 cm) options.<\/li>\n<li><b>Available sizes:<\/b> 6 sizes in inches (US&amp;CA) and cms (rest of the world).<\/li>\n<li><b>Hanging Kit:<\/b> Included, varies by country.<\/li>\n<\/ul>\n<div><\/div>\n<div><span>Coypright \u00a92024 artificielle.art. All rights reserved.<\/span><\/div>\n<div>\n<div><\/div>\n<\/div>\n<div><\/div>\n<div><\/div>\n<p><\/p>","protected":false},"excerpt":{"rendered":"<p>Stadtansicht im Stil eines impressionistischen Gem\u00e4ldes Titel: &#8222;New York City Dream&#8220; Ein vertr\u00e4umte Sicht auf die US-Metropole, die nie schl\u00e4ft von unserem K\u00fcnstler MH (c) 2024 Beschreibung MH ist ein deutscher Mixed-Media-K\u00fcnstler und Multimedia-Designer. Gicl\u00e9e-Druck auf Leinwand Im Druck signiert Erstausgabe (2024) 100 Drucke Echtheitszertifikat auf Anfrage erh\u00e4ltlich Verbesserte Textur und zeitlose Sch\u00f6nheit mit unserem&hellip;&nbsp;<a href=\"https:\/\/artificielle.art\/en\/product\/new-york-city-dream-leinwand-auf-keilrahmen-canvas-on-frame\/\" rel=\"bookmark\">Read More &raquo;<span class=\"screen-reader-text\">New York City Dream (canvas on frame)<\/span><\/a><\/p>","protected":false},"featured_media":1759,"comment_status":"open","ping_status":"closed","template":"","meta":{"neve_meta_sidebar":"","neve_meta_container":"","neve_meta_enable_content_width":"off","neve_meta_content_width":100,"neve_meta_title_alignment":"","neve_meta_author_avatar":"","neve_post_elements_order":"","neve_meta_disable_header":"","neve_meta_disable_footer":"","neve_meta_disable_title":"","_themeisle_gutenberg_block_has_review":false},"product_brand":[],"product_cat":[44],"product_tag":[169,168,162,170,171,165,166,174,173,172,163,164,167],"class_list":{"0":"post-1760","1":"product","2":"type-product","3":"status-publish","4":"has-post-thumbnail","6":"product_cat-gemaelde","7":"product_tag-art","8":"product_tag-canvas-print","9":"product_tag-cityscape","10":"product_tag-framed-canvas","11":"product_tag-giclee","12":"product_tag-giclee-on-canvas","13":"product_tag-impressionism","14":"product_tag-keilrahmen","15":"product_tag-kunstdruck","16":"product_tag-leinwand","17":"product_tag-painting","18":"product_tag-print","19":"product_tag-town-view","21":"first","22":"instock","23":"taxable","24":"shipping-taxable","25":"purchasable","26":"product-type-variable"},"_links":{"self":[{"href":"https:\/\/artificielle.art\/en\/wp-json\/wp\/v2\/product\/1760","targetHints":{"allow":["GET"]}}],"collection":[{"href":"https:\/\/artificielle.art\/en\/wp-json\/wp\/v2\/product"}],"about":[{"href":"https:\/\/artificielle.art\/en\/wp-json\/wp\/v2\/types\/product"}],"replies":[{"embeddable":true,"href":"https:\/\/artificielle.art\/en\/wp-json\/wp\/v2\/comments?post=1760"}],"wp:featuredmedia":[{"embeddable":true,"href":"https:\/\/artificielle.art\/en\/wp-json\/wp\/v2\/media\/1759"}],"wp:attachment":[{"href":"https:\/\/artificielle.art\/en\/wp-json\/wp\/v2\/media?parent=1760"}],"wp:term":[{"taxonomy":"product_brand","embeddable":true,"href":"https:\/\/artificielle.art\/en\/wp-json\/wp\/v2\/product_brand?post=1760"},{"taxonomy":"product_cat","embeddable":true,"href":"https:\/\/artificielle.art\/en\/wp-json\/wp\/v2\/product_cat?post=1760"},{"taxonomy":"product_tag","embeddable":true,"href":"https:\/\/artificielle.art\/en\/wp-json\/wp\/v2\/product_tag?post=1760"}],"curies":[{"name":"wp","href":"https:\/\/api.w.org\/{rel}","templated":true}]}}