{"id":1832,"date":"2024-10-26T21:05:59","date_gmt":"2024-10-26T20:05:59","guid":{"rendered":"https:\/\/artificielle.art\/produkt\/misty-dream-of-london-druck-auf-leinwand-mit-rahmen-print-on-framed-canvas\/"},"modified":"2024-11-25T23:01:15","modified_gmt":"2024-11-25T22:01:15","slug":"misty-dream-of-london-druck-auf-leinwand-mit-rahmen-print-on-framed-canvas","status":"publish","type":"product","link":"https:\/\/artificielle.art\/en\/product\/misty-dream-of-london-druck-auf-leinwand-mit-rahmen-print-on-framed-canvas\/","title":{"rendered":"Misty Dream of London (Print on Framed Canvas)"},"content":{"rendered":"<h1>View of a city in the style of an impressionist painting<\/h1>\n<div>\n<h2>Titel: \u201cMisty Dream of London\u201d<\/h2>\n<\/div>\n<div>Ein vertr\u00e4umte Sicht auf Westminster Parliament in London<\/div>\n<div><\/div>\n<div>\n<ul>\n<li>by our in-house artist MH (c) 2024<\/li>\n<\/ul>\n<\/div>\n<h3>Item description<\/h3>\n<p>MH is a German mixed-media artist and multimedia designer.<\/p>\n<ul>\n<li>Gicl\u00e9e Print on Canvas<\/li>\n<li>Signed in the plate<\/li>\n<li>First edition (2024) 100 prints<\/li>\n<\/ul>\n<p>Certificate of authenticity available upon request<\/p>\n<p>Elevate your space with our framed canvas prints, featuring rich texture that adds depth for a captivating art experience:<\/p>\n<ul>\n<li><b>Canvas Material:<\/b> FSC-certified wood stretcher bars, cotton-polyester blend (300-350gsm, 350-400 microns).<\/li>\n<li><b>Size Options<\/b> 6 sizes in inches (US&amp;CA) and cms (rest of the world).<\/li>\n<li><b>Frame Colors:<\/b> Black, Natural Wood, Dark Brown.<\/li>\n<li><b>Sustainable Wood:<\/b> FSC-certified or locally sourced poplar or pine.<\/li>\n<li><b>High-Quality Printing:<\/b> Long-lasting, vibrant colors.<\/li>\n<li><b>Hanging Kit:<\/b> Included, varies by country.<\/li>\n<li><b>Frame Dimensions:<\/b> The width (the front of the frame) is 9 to 14 mm wide (0.35\" to 0.55\"), with thickness varying by region\u2014 42 mm (1.65\") in North America and 32 mm (1.26\") in Europe. A 12 mm (0.45\") gap between the canvas and frame ensures a snug fit.<\/li>\n<\/ul>\n<div><\/div>\n<div><\/div>\n<div><\/div>\n<h1><\/h1>\n<h1>View of a city in the style of an impressionist painting<\/h1>\n<div>\n<h2>Title: \u201cMisty Dream of London\u201d<\/h2>\n<\/div>\n<div><\/div>\n<div>A dreamy view of\u00a0Westminster Parliament in London<\/div>\n<div>\n<ul>\n<li>by our in-house artist MH (c) 2024<\/li>\n<\/ul>\n<\/div>\n<h3>The artist<\/h3>\n<ul>\n<li>MH is a German mixed-media artist and multimedia designer.<\/li>\n<\/ul>\n<p>&nbsp;<\/p>\n<p><b>Item description<\/b><\/p>\n<ul>\n<li>Gicl\u00e9e Print on Canvas<\/li>\n<li>Signed in the plate<\/li>\n<li>First edition (2024) 100 prints<\/li>\n<\/ul>\n<p>Certificate of authenticity available upon request<\/p>\n<p>Elevate your space with our framed canvas prints, featuring rich texture that adds depth for a captivating art experience:<\/p>\n<ul>\n<li><strong>Canvas Material:<\/strong> FSC-certified wood stretcher bars, cotton-polyester blend (300-350gsm, 350-400 microns).<\/li>\n<li><strong>Size Options:<\/strong>\u00a06 sizes in inches (US&amp;CA) and cms (rest of the world).<\/li>\n<li><strong>Frame Colors:<\/strong> Black, Natural Wood, Dark Brown.<\/li>\n<li><strong>Sustainable Wood:<\/strong> FSC-certified or locally sourced poplar or pine.<\/li>\n<li><strong>High-Quality Printing:<\/strong> Long-lasting, vibrant colors.<\/li>\n<li><strong>Hanging Kit:<\/strong> Included, varies by country.<\/li>\n<li><strong>Frame Dimensions:<\/strong> The width (the front of the frame) is 9 to 14 mm wide (0.35&#8243; to 0.55&#8243;), with thickness varying by region\u2014 42 mm (1.65&#8243;) in North America and 32 mm (1.26&#8243;) in Europe. A 12 mm (0.45&#8243;) gap between the canvas and frame ensures a snug fit.<\/li>\n<\/ul>\n<div><\/div>\n<div><\/div>\n<div><\/div>\n<div>Coypright \u00a92024 artificielle.art. All rights reserved.<\/div>","protected":false},"excerpt":{"rendered":"<p>Stadtansicht im Stil einer impressionistischen Malerei Titel: \u201cMisty Dream of London\u201d Ein vertr\u00e4umte Sicht auf Westminster Parliament in London von unserem K\u00fcnstler MH (c) 2024 Beschreibung MH ist ein deutscher Mixed-Media-K\u00fcnstler und Multimedia-Designer. Gicl\u00e9e-Druck auf Leinwand Im Druck signiert Erstausgabe (2024) 100 Drucke Echtheitszertifikat auf Anfrage erh\u00e4ltlich Werten Sie Ihren Raum mit unseren gerahmten Leinwanddrucken&hellip;&nbsp;<a href=\"https:\/\/artificielle.art\/en\/product\/misty-dream-of-london-druck-auf-leinwand-mit-rahmen-print-on-framed-canvas\/\" rel=\"bookmark\">Read More &raquo;<span class=\"screen-reader-text\">Misty Dream of London (Print on Framed Canvas)<\/span><\/a><\/p>","protected":false},"featured_media":1831,"comment_status":"open","ping_status":"closed","template":"","meta":{"neve_meta_sidebar":"","neve_meta_container":"","neve_meta_enable_content_width":"off","neve_meta_content_width":100,"neve_meta_title_alignment":"","neve_meta_author_avatar":"","neve_post_elements_order":"","neve_meta_disable_header":"","neve_meta_disable_footer":"","neve_meta_disable_title":"","_themeisle_gutenberg_block_has_review":false},"product_brand":[],"product_cat":[44],"product_tag":[169,168,162,170,165,166,174,173,172,175,163,164,167],"class_list":{"0":"post-1832","1":"product","2":"type-product","3":"status-publish","4":"has-post-thumbnail","6":"product_cat-gemaelde","7":"product_tag-art","8":"product_tag-canvas-print","9":"product_tag-cityscape","10":"product_tag-framed-canvas","11":"product_tag-giclee-on-canvas","12":"product_tag-impressionism","13":"product_tag-keilrahmen","14":"product_tag-kunstdruck","15":"product_tag-leinwand","16":"product_tag-london","17":"product_tag-painting","18":"product_tag-print","19":"product_tag-town-view","21":"first","22":"instock","23":"taxable","24":"shipping-taxable","25":"purchasable","26":"product-type-variable"},"_links":{"self":[{"href":"https:\/\/artificielle.art\/en\/wp-json\/wp\/v2\/product\/1832","targetHints":{"allow":["GET"]}}],"collection":[{"href":"https:\/\/artificielle.art\/en\/wp-json\/wp\/v2\/product"}],"about":[{"href":"https:\/\/artificielle.art\/en\/wp-json\/wp\/v2\/types\/product"}],"replies":[{"embeddable":true,"href":"https:\/\/artificielle.art\/en\/wp-json\/wp\/v2\/comments?post=1832"}],"wp:featuredmedia":[{"embeddable":true,"href":"https:\/\/artificielle.art\/en\/wp-json\/wp\/v2\/media\/1831"}],"wp:attachment":[{"href":"https:\/\/artificielle.art\/en\/wp-json\/wp\/v2\/media?parent=1832"}],"wp:term":[{"taxonomy":"product_brand","embeddable":true,"href":"https:\/\/artificielle.art\/en\/wp-json\/wp\/v2\/product_brand?post=1832"},{"taxonomy":"product_cat","embeddable":true,"href":"https:\/\/artificielle.art\/en\/wp-json\/wp\/v2\/product_cat?post=1832"},{"taxonomy":"product_tag","embeddable":true,"href":"https:\/\/artificielle.art\/en\/wp-json\/wp\/v2\/product_tag?post=1832"}],"curies":[{"name":"wp","href":"https:\/\/api.w.org\/{rel}","templated":true}]}}